{"id":1060,"date":"2025-10-15T11:53:31","date_gmt":"2025-10-15T11:53:31","guid":{"rendered":"http:\/\/hispano-metal.com\/reviews\/"},"modified":"2025-11-06T17:00:17","modified_gmt":"2025-11-06T17:00:17","slug":"avantages-economie-immediat","status":"publish","type":"page","link":"https:\/\/hispano-metal.com\/es\/avantages-economie-immediat\/","title":{"rendered":"Ventajas"},"content":{"rendered":"<div class=\"wp-block-uagb-container uagb-block-5e6a5427 alignfull uagb-is-root-container\"><div class=\"uagb-container-inner-blocks-wrap\">\n<div class=\"wp-block-uagb-container uagb-block-7c4a49c6\">\n<div class=\"wp-block-columns alignfull is-layout-flex wp-container-core-columns-is-layout-28f84493 wp-block-columns-is-layout-flex\">\n<div class=\"wp-block-column is-layout-flow wp-block-column-is-layout-flow\" style=\"flex-basis:100%\">\n<h3 class=\"wp-block-heading\"><mark style=\"background-color:rgba(0, 0, 0, 0)\" class=\"has-inline-color has-ast-global-color-3-color\">GRACIAS AL IVA INTRACOMUNITARIO<\/mark><\/h3>\n<\/div>\n<\/div>\n\n\n\n<div class=\"wp-block-uagb-container uagb-block-3729aa48\">\n<div class=\"wp-block-uagb-advanced-heading uagb-block-093f939e\"><h2 class=\"uagb-heading-text\">  AHORRAS UN<\/h2><\/div>\n\n\n\n<div class=\"wp-block-uagb-advanced-heading uagb-block-c40611c4\"><h1 class=\"uagb-heading-text\">                   20%<\/h1><\/div>\n\n\n\n<h3 class=\"wp-block-heading has-text-align-left\">     <mark style=\"background-color:rgba(0, 0, 0, 0)\" class=\"has-inline-color has-ast-global-color-3-color\">UNA GANANCIA INMEDIATA<\/mark><\/h3>\n<\/div>\n<\/div>\n\n\n\n<div class=\"wp-block-uagb-container uagb-block-0c07d32b\">\n<div class=\"wp-block-uagb-image uagb-block-311e6a36 wp-block-uagb-image--layout-default wp-block-uagb-image--effect-static wp-block-uagb-image--align-none\"><figure class=\"wp-block-uagb-image__figure\"><img decoding=\"async\" srcset=\"https:\/\/hispano-metal.com\/wp-content\/uploads\/2025\/10\/WhatsApp-Image-2025-10-14-at-14.35.18-2-1024x762.jpeg ,https:\/\/hispano-metal.com\/wp-content\/uploads\/2025\/10\/WhatsApp-Image-2025-10-14-at-14.35.18-2.jpeg 780w, https:\/\/hispano-metal.com\/wp-content\/uploads\/2025\/10\/WhatsApp-Image-2025-10-14-at-14.35.18-2.jpeg 360w\" sizes=\"auto, (max-width: 480px) 150px\" src=\"https:\/\/hispano-metal.com\/wp-content\/uploads\/2025\/10\/WhatsApp-Image-2025-10-14-at-14.35.18-2-1024x762.jpeg\" alt=\"Tubes structures m\u00e9talliques Espagne\" class=\"uag-image-2369\" width=\"1170\" height=\"871\" title=\"Tubes structures m\u00e9talliques\" loading=\"lazy\" role=\"img\"\/><\/figure><\/div>\n<\/div>\n<\/div><\/div>\n\n\n\n<div class=\"wp-block-uagb-container uagb-block-0518f9fd alignfull uagb-is-root-container\"><div class=\"uagb-container-inner-blocks-wrap\">\n<div class=\"wp-block-columns is-layout-flex wp-container-core-columns-is-layout-28f84493 wp-block-columns-is-layout-flex\">\n<div class=\"wp-block-column is-layout-flow wp-block-column-is-layout-flow\">\n<div class=\"wp-block-group is-vertical is-layout-flex wp-container-core-group-is-layout-fe9cc265 wp-block-group-is-layout-flex\">\n<h3 class=\"wp-block-heading\"><mark style=\"background-color:rgba(0, 0, 0, 0);color:#ffffff\" class=\"has-inline-color\">Comprar metal en Espa\u00f1a en lugar de en Francia puede tener varias ventajas. GANANCIA INMEDIATA.<\/mark><\/h3>\n\n\n\n<h3 class=\"wp-block-heading\"><mark style=\"background-color:rgba(0, 0, 0, 0);color:#ffffff\" class=\"has-inline-color\">Con HispanoM\u00e9tal no solo ahorras en el precio del metal comercializado en Espa\u00f1a, sino tambi\u00e9n en flujo de caja, ya que ya no tienes que inmovilizar el IVA innecesariamente.<\/mark><\/h3>\n<\/div>\n<\/div>\n\n\n\n<div class=\"wp-block-column is-layout-flow wp-block-column-is-layout-flow\">\n<h3 class=\"wp-block-heading\"><mark style=\"background-color:rgba(0, 0, 0, 0);color:#ffffff\" class=\"has-inline-color\">A continuaci\u00f3n se presentan algunos beneficios potenciales:<\/mark><\/h3>\n\n\n\n<p><\/p>\n\n\n\n<div class=\"wp-block-columns is-layout-flex wp-container-core-columns-is-layout-28f84493 wp-block-columns-is-layout-flex\">\n<div class=\"wp-block-column is-layout-flow wp-block-column-is-layout-flow\">\n<div class=\"wp-block-group is-layout-constrained wp-block-group-is-layout-constrained\">\n<div class=\"wp-block-columns is-layout-flex wp-container-core-columns-is-layout-28f84493 wp-block-columns-is-layout-flex\">\n<div class=\"wp-block-column is-layout-flow wp-block-column-is-layout-flow\">\n<div class=\"wp-block-group alignfull is-vertical is-layout-flex wp-container-core-group-is-layout-fe9cc265 wp-block-group-is-layout-flex\">\n<h3 class=\"wp-block-heading\"><mark style=\"background-color:rgba(0, 0, 0, 0);color:#ffffff\" class=\"has-inline-color\">PRECIOS M\u00c1S COMPETITIVOS<\/mark><\/h3>\n<\/div>\n<\/div>\n<\/div>\n\n\n\n<div class=\"wp-block-group is-vertical is-layout-flex wp-container-core-group-is-layout-fe9cc265 wp-block-group-is-layout-flex\">\n<p><mark style=\"background-color:rgba(0, 0, 0, 0);color:#ffffff\" class=\"has-inline-color\">En Espa\u00f1a, los costes de producci\u00f3n son m\u00e1s bajos. El mercado del acero para la construcci\u00f3n se beneficia de una producci\u00f3n significativa, lo que explica los precios m\u00e1s bajos. El ahorro es significativo.<\/mark><\/p>\n\n\n\n<h3 class=\"wp-block-heading\"><mark style=\"background-color:rgba(0, 0, 0, 0);color:#ffffff\" class=\"has-inline-color\">BENEFICIOS FISCALES<\/mark><\/h3>\n\n\n\n<p><mark style=\"background-color:rgba(0, 0, 0, 0);color:#ffffff\" class=\"has-inline-color\">El IVA intracomunitario. En Hispano-M\u00e9tal, sus compras de metal proceden directamente de Espa\u00f1a. Gracias a su n\u00famero de IVA intracomunitario, se beneficia de un r\u00e9gimen fiscal simplificado, lo que significa que no se aplica IVA a sus compras. Ahorra inmediatamente en IVA (20 % en Francia y 21% en Espa\u00f1a). Se acab\u00f3 el pago del IVA por adelantado y la espera de varios meses para recuperarlo de Hacienda.<\/mark><\/p>\n<\/div>\n<\/div>\n<\/div>\n<\/div>\n<\/div>\n<\/div>\n\n\n\n<p><a href=\"https:\/\/entreprendre.service-public.gouv.fr\/vosdroits\/F23570#:~:text=Toute%20entreprise%20soumise%20%C3%A0%20la,R%C3%A9publique%20tch%C3%A8que%2C%20Roumanie%2C%20Slovaquie%2C\" data-type=\"link\" data-id=\"https:\/\/entreprendre.service-public.gouv.fr\/vosdroits\/F23570#:~:text=Toute%20entreprise%20soumise%20%C3%A0%20la,R%C3%A9publique%20tch%C3%A8que%2C%20Roumanie%2C%20Slovaquie%2C\" target=\"_blank\" rel=\"noopener\"><mark style=\"background-color:rgba(0, 0, 0, 0);color:#ffffff\" class=\"has-inline-color\">En Francia <\/mark><\/a><mark style=\"background-color:rgba(0, 0, 0, 0);color:#ffffff\" class=\"has-inline-color\">: \u00bfC\u00f3mo obtener un n\u00famero de IVA intracomunitario? Una vez registrada su empresa (SIREN), deber\u00e1 contactar con su SIE (Servicio de Impuestos Empresariales) competente. Ellos le asignar\u00e1n el n\u00famero de forma gratuita.<\/mark><\/p>\n<\/div><\/div>\n\n\n\n<div class=\"wp-block-uagb-container uagb-block-c562e38c alignfull uagb-is-root-container\"><div class=\"uagb-container-inner-blocks-wrap\"><\/div><\/div>\n\n\n\n<div class=\"wp-block-uagb-container uagb-block-3922af91 alignfull uagb-is-root-container\"><div class=\"uagb-container-inner-blocks-wrap\">\n<p>Gracias a nuestra red de proveedores locales y a la negociaci\u00f3n directa, le ofrecemos precios competitivos. Esto le permite beneficiarse de numerosas ventajas en estructuras met\u00e1licas duraderas y fiables, a la vez que ahorra significativamente en comparaci\u00f3n con los precios del mercado franc\u00e9s.<\/p>\n\n\n\n<p>Al trabajar con Hispano-Metal, ya no inmoviliza fondos innecesariamente en el IVA. Esto libera recursos financieros que puede reinvertir en otros proyectos, mejorar su liquidez o acelerar el crecimiento de su negocio. Optimice su flujo de caja.<\/p>\n\n\n\n<p>Adem\u00e1s del ahorro financiero, Hispano-Metal le ahorra tiempo y aumenta la eficiencia. Gestionamos toda la log\u00edstica y entregamos los productos directamente a sus obras o plantas de producci\u00f3n. Esto le permite reducir los costos de almacenamiento y manipulaci\u00f3n, a la vez que garantiza que sus materiales lleguen a tiempo y en perfectas condiciones.<\/p>\n\n\n\n<p>Ofrecemos total transparencia en precios y tarifas. Sabr\u00e1 exactamente cu\u00e1nto paga y evitar\u00e1 sorpresas por costos ocultos.<\/p>\n\n\n\n<p>En resumen, Hispano-Metal le permite lograr ahorros tangibles a la vez que agiliza sus procesos, su flujo de caja y la calidad de sus proyectos metal\u00fargicos. Ya sea artesano, industrial o contratista, nuestras soluciones est\u00e1n dise\u00f1adas para optimizar sus inversiones y maximizar sus beneficios.<\/p>\n\n\n\n<p>\u00bfQuiere saber cu\u00e1nto puede ahorrar en sus pr\u00f3ximos pedidos y disfrutar de todas las ventajas de Hispano-Metal? Cont\u00e1ctenos hoy mismo y empiece a beneficiarse de una soluci\u00f3n met\u00e1lica completa, econ\u00f3mica y confiable.<\/p>\n<\/div><\/div>\n\n\n\n<div class=\"wp-block-columns alignfull is-layout-flex wp-container-core-columns-is-layout-28f84493 wp-block-columns-is-layout-flex\">\n<div class=\"wp-block-column is-layout-flow wp-block-column-is-layout-flow\" style=\"flex-basis:100%\">\n<div class=\"wp-block-uagb-advanced-heading uagb-block-553747c4\"><h2 class=\"uagb-heading-text\">Proyectos varios<\/h2><\/div>\n\n\n\n<p><\/p>\n\n\n\n<div class=\"wp-block-uagb-image aligncenter uagb-block-be27005f wp-block-uagb-image--layout-default wp-block-uagb-image--effect-static wp-block-uagb-image--align-center\"><figure class=\"wp-block-uagb-image__figure\"><img decoding=\"async\" srcset=\"https:\/\/hispano-metal.com\/wp-content\/uploads\/2025\/10\/Resume-photos-proyects-1024x724.jpg ,https:\/\/hispano-metal.com\/wp-content\/uploads\/2025\/10\/Resume-photos-proyects.jpg 780w, https:\/\/hispano-metal.com\/wp-content\/uploads\/2025\/10\/Resume-photos-proyects.jpg 360w\" sizes=\"auto, (max-width: 480px) 150px\" src=\"https:\/\/hispano-metal.com\/wp-content\/uploads\/2025\/10\/Resume-photos-proyects-1024x724.jpg\" alt=\"Avantages Projets m\u00e9talliques Espagne\" class=\"uag-image-2382\" width=\"1151\" height=\"776\" title=\"Projets m\u00e9tal Espagne\" loading=\"lazy\" role=\"img\"\/><\/figure><\/div>\n<\/div>\n<\/div>\n\n\n\n<div class=\"wp-block-uagb-image aligncenter uagb-block-996cfc2e wp-block-uagb-image--layout-default wp-block-uagb-image--effect-static wp-block-uagb-image--align-center\"><figure class=\"wp-block-uagb-image__figure\"><img decoding=\"async\" srcset=\"https:\/\/hispano-metal.com\/wp-content\/uploads\/2025\/10\/Resume-plans-proyects-1024x724.jpg ,https:\/\/hispano-metal.com\/wp-content\/uploads\/2025\/10\/Resume-plans-proyects.jpg 780w, https:\/\/hispano-metal.com\/wp-content\/uploads\/2025\/10\/Resume-plans-proyects.jpg 360w\" sizes=\"auto, (max-width: 480px) 150px\" src=\"https:\/\/hispano-metal.com\/wp-content\/uploads\/2025\/10\/Resume-plans-proyects-1024x724.jpg\" alt=\"Projets sur mesure Espagne\" class=\"uag-image-2383\" width=\"2339\" height=\"1654\" title=\"Projets sur mesure Espagne\" loading=\"lazy\" role=\"img\"\/><\/figure><\/div>\n\n\n\n<div class=\"wp-block-uagb-container uagb-block-27182620 alignfull uagb-is-root-container\"><div class=\"uagb-container-inner-blocks-wrap\"><\/div><\/div>\n\n\n\n<div class=\"wp-block-uagb-container uagb-block-2ab2f3b8 alignfull uagb-is-root-container\"><div class=\"uagb-container-inner-blocks-wrap\"><\/div><\/div>\n\n\n\n<div class=\"wp-block-uagb-container uagb-block-d482706b alignfull uagb-is-root-container\"><div class=\"uagb-container-inner-blocks-wrap\">\n<div class=\"wp-block-uagb-container uagb-block-f4aa9754\">\n<div class=\"wp-block-uagb-advanced-heading uagb-block-63a557a2\"><h2 class=\"uagb-heading-text\">       COLABORADORES<\/h2><\/div>\n\n\n\n<div class=\"wp-block-group is-layout-constrained wp-block-group-is-layout-constrained\">\n<div class=\"wp-block-columns is-layout-flex wp-container-core-columns-is-layout-28f84493 wp-block-columns-is-layout-flex\">\n<div class=\"wp-block-column is-layout-flow wp-block-column-is-layout-flow\">\n<div class=\"wp-block-group is-vertical is-layout-flex wp-container-core-group-is-layout-fe9cc265 wp-block-group-is-layout-flex\">\n<p><\/p>\n\n\n\n<p><mark style=\"background-color:rgba(0, 0, 0, 0);color:#000000\" class=\"has-inline-color\">Colaboro con una red de empresas reconocidas en el sector metalmec\u00e1nico. Profesionales de confianza que comparten los valores de fiabilidad, compromiso y calidad.<\/mark><\/p>\n\n\n\n<p><mark style=\"background-color:rgba(0, 0, 0, 0);color:#000000\" class=\"has-inline-color\">Estas s\u00f3lidas relaciones me permiten ofrecer un servicio confiable, eficiente y adaptado a las necesidades de cada proyecto.<\/mark><\/p>\n\n\n\n<p><mark style=\"background-color:rgba(0, 0, 0, 0);color:#000000\" class=\"has-inline-color\">Estar presente en cada etapa para garantizar resultados y mantener la confianza de mis colaboradores.<\/mark><\/p>\n<\/div>\n<\/div>\n\n\n\n<div class=\"wp-block-column is-vertically-aligned-center is-layout-flow wp-block-column-is-layout-flow\">\n<div class=\"wp-block-group alignwide is-vertical is-layout-flex wp-container-core-group-is-layout-fe9cc265 wp-block-group-is-layout-flex\">\n<div class=\"wp-block-uagb-image uagb-block-bb240655 wp-block-uagb-image--layout-default wp-block-uagb-image--effect-static wp-block-uagb-image--align-none\"><figure class=\"wp-block-uagb-image__figure\"><img decoding=\"async\" srcset=\"https:\/\/hispano-metal.com\/wp-content\/uploads\/2025\/10\/47171-1.jpg ,https:\/\/hispano-metal.com\/wp-content\/uploads\/2025\/10\/47171-1.jpg 780w, https:\/\/hispano-metal.com\/wp-content\/uploads\/2025\/10\/47171-1.jpg 360w\" sizes=\"auto, (max-width: 480px) 150px\" src=\"https:\/\/hispano-metal.com\/wp-content\/uploads\/2025\/10\/47171-1.jpg\" alt=\"\" class=\"uag-image-2363\" width=\"177\" height=\"69\" title=\"47171\" loading=\"lazy\" role=\"img\"\/><\/figure><\/div>\n\n\n\n<div class=\"wp-block-uagb-image uagb-block-757ef320 wp-block-uagb-image--layout-default wp-block-uagb-image--effect-static wp-block-uagb-image--align-none\"><figure class=\"wp-block-uagb-image__figure\"><img decoding=\"async\" srcset=\"https:\/\/hispano-metal.com\/wp-content\/uploads\/2025\/10\/image001.png ,https:\/\/hispano-metal.com\/wp-content\/uploads\/2025\/10\/image001.png 780w, https:\/\/hispano-metal.com\/wp-content\/uploads\/2025\/10\/image001.png 360w\" sizes=\"auto, (max-width: 480px) 150px\" src=\"https:\/\/hispano-metal.com\/wp-content\/uploads\/2025\/10\/image001.png\" alt=\"\" class=\"uag-image-2364\" width=\"215\" height=\"86\" title=\"image001\" loading=\"lazy\" role=\"img\"\/><\/figure><\/div>\n\n\n\n<div class=\"wp-block-uagb-image uagb-block-9f949263 wp-block-uagb-image--layout-default wp-block-uagb-image--effect-static wp-block-uagb-image--align-none\"><figure class=\"wp-block-uagb-image__figure\"><img decoding=\"async\" srcset=\"https:\/\/hispano-metal.com\/wp-content\/uploads\/2025\/10\/Nouveau-logo.jpg ,https:\/\/hispano-metal.com\/wp-content\/uploads\/2025\/10\/Nouveau-logo.jpg 780w, https:\/\/hispano-metal.com\/wp-content\/uploads\/2025\/10\/Nouveau-logo.jpg 360w\" sizes=\"auto, (max-width: 480px) 150px\" src=\"https:\/\/hispano-metal.com\/wp-content\/uploads\/2025\/10\/Nouveau-logo.jpg\" alt=\"\" class=\"uag-image-2365\" width=\"177\" height=\"88\" title=\"Nouveau logo\" loading=\"lazy\" role=\"img\"\/><\/figure><\/div>\n<\/div>\n<\/div>\n<\/div>\n<\/div>\n<\/div>\n<\/div><\/div>\n\n\n\n<div class=\"wp-block-uagb-container uagb-block-14ca0f01 alignfull uagb-is-root-container\"><div class=\"uagb-container-inner-blocks-wrap\">\n<div class=\"wp-block-columns is-layout-flex wp-container-core-columns-is-layout-28f84493 wp-block-columns-is-layout-flex\">\n<div class=\"wp-block-column is-layout-flow wp-block-column-is-layout-flow\">\n<div class=\"wp-block-columns is-layout-flex wp-container-core-columns-is-layout-28f84493 wp-block-columns-is-layout-flex\">\n<div class=\"wp-block-column is-layout-flow wp-block-column-is-layout-flow\" style=\"flex-basis:25%\">\n<div class=\"wp-block-uagb-image alignleft uagb-block-94562b8c wp-block-uagb-image--layout-default wp-block-uagb-image--effect-static wp-block-uagb-image--align-left\"><figure class=\"wp-block-uagb-image__figure\"><img decoding=\"async\" srcset=\"https:\/\/hispano-metal.com\/wp-content\/uploads\/2025\/10\/Capture-4.jpg ,https:\/\/hispano-metal.com\/wp-content\/uploads\/2025\/10\/Capture-4.jpg 780w, https:\/\/hispano-metal.com\/wp-content\/uploads\/2025\/10\/Capture-4.jpg 360w\" sizes=\"auto, (max-width: 480px) 150px\" src=\"https:\/\/hispano-metal.com\/wp-content\/uploads\/2025\/10\/Capture-4.jpg\" alt=\"Avantages \u00e9conomiques  Espagne\" class=\"uag-image-2319\" width=\"180\" height=\"232\" title=\"Avantages \u00e9conomiques Espagne\" loading=\"lazy\" role=\"img\"\/><\/figure><\/div>\n<\/div>\n\n\n\n<div class=\"wp-block-column is-layout-flow wp-block-column-is-layout-flow\" style=\"flex-basis:50%\">\n<div class=\"wp-block-uagb-advanced-heading uagb-block-4c49c310\"><h2 class=\"uagb-heading-text\">      <mark style=\"background-color:rgba(0, 0, 0, 0);color:#ffffff\" class=\"has-inline-color\">Juntos,<\/mark><\/h2><\/div>\n\n\n\n<div class=\"wp-block-uagb-advanced-heading uagb-block-8a22985b\"><h2 class=\"uagb-heading-text\">  <mark style=\"background-color:rgba(0, 0, 0, 0);color:#ffffff\" class=\"has-inline-color\">construyamos proyectos s\u00f3lidos<\/mark><\/h2><\/div>\n\n\n\n<div class=\"wp-block-uagb-advanced-heading uagb-block-925b6288\"><h2 class=\"uagb-heading-text\">             <mark style=\"background-color:rgba(0, 0, 0, 0);color:#ffffff\" class=\"has-inline-color\">y sostenibles.<\/mark><\/h2><\/div>\n<\/div>\n\n\n\n<div class=\"wp-block-column is-layout-flow wp-block-column-is-layout-flow\" style=\"flex-basis:25%\">\n<div class=\"wp-block-uagb-advanced-heading uagb-block-96cec245\"><h5 class=\"uagb-heading-text\"><a href=\"https:\/\/hispano-metal.com\/es\/contacto\/\" data-type=\"page\" data-id=\"1064\"><mark style=\"background-color:rgba(0, 0, 0, 0);color:#ffffff\" class=\"has-inline-color\">Contacto<\/mark><\/a><\/h5><\/div>\n\n\n\n<div class=\"wp-block-uagb-advanced-heading uagb-block-dce91336\"><h6 class=\"uagb-heading-text\"><mark style=\"background-color:rgba(0, 0, 0, 0);color:#ffffff\" class=\"has-inline-color\">(+34) 623 307 041  <\/mark><\/h6><\/div>\n\n\n\n<div class=\"wp-block-uagb-advanced-heading uagb-block-50735a9e\"><h6 class=\"uagb-heading-text\"><mark style=\"background-color:rgba(0, 0, 0, 0);color:#ffffff\" class=\"has-inline-color\">info@hispano-metal.com<\/mark><\/h6><\/div>\n<\/div>\n<\/div>\n<\/div>\n<\/div>\n<\/div><\/div>\n\n\n\n<p><\/p>","protected":false},"excerpt":{"rendered":"<p>GR\u00c2CE A LA TVA INTRACOMMUNAUTAIRE ECONOMISEZ 20% UN GAIN IMM\u00c9DIAT Acheter du m\u00e9tal en Espagne plut\u00f4t qu\u2019en France peut pr\u00e9senter plusieurs avantages. Avec HispanoM\u00e9tal, vous gagnez non seulement sur le prix du m\u00e9tal n\u00e9goci\u00e9 en Espagne, mais aussi sur la tr\u00e9sorerie, puisque vous n\u2019avez plus \u00e0 immobiliser de TVA inutilement Voici quelques b\u00e9n\u00e9fices potentiels: PRIX [&hellip;]<\/p>","protected":false},"author":1,"featured_media":0,"parent":0,"menu_order":0,"comment_status":"closed","ping_status":"closed","template":"","meta":{"_uag_custom_page_level_css":"","site-sidebar-layout":"no-sidebar","site-content-layout":"plain-container","ast-site-content-layout":"normal-width-container","site-content-style":"unboxed","site-sidebar-style":"unboxed","ast-global-header-display":"","ast-banner-title-visibility":"","ast-main-header-display":"","ast-hfb-above-header-display":"","ast-hfb-below-header-display":"","ast-hfb-mobile-header-display":"","site-post-title":"disabled","ast-breadcrumbs-content":"","ast-featured-img":"","footer-sml-layout":"","theme-transparent-header-meta":"enabled","adv-header-id-meta":"","stick-header-meta":"","header-above-stick-meta":"","header-main-stick-meta":"","header-below-stick-meta":"","astra-migrate-meta-layouts":"set","ast-page-background-enabled":"default","ast-page-background-meta":{"desktop":{"background-color":"","background-image":"","background-repeat":"repeat","background-position":"center center","background-size":"auto","background-attachment":"scroll","background-type":"","background-media":"","overlay-type":"","overlay-color":"","overlay-opacity":"","overlay-gradient":""},"tablet":{"background-color":"","background-image":"","background-repeat":"repeat","background-position":"center center","background-size":"auto","background-attachment":"scroll","background-type":"","background-media":"","overlay-type":"","overlay-color":"","overlay-opacity":"","overlay-gradient":""},"mobile":{"background-color":"","background-image":"","background-repeat":"repeat","background-position":"center center","background-size":"auto","background-attachment":"scroll","background-type":"","background-media":"","overlay-type":"","overlay-color":"","overlay-opacity":"","overlay-gradient":""}},"ast-content-background-meta":{"desktop":{"background-color":"var(--ast-global-color-5)","background-image":"","background-repeat":"repeat","background-position":"center center","background-size":"auto","background-attachment":"scroll","background-type":"","background-media":"","overlay-type":"","overlay-color":"","overlay-opacity":"","overlay-gradient":""},"tablet":{"background-color":"var(--ast-global-color-5)","background-image":"","background-repeat":"repeat","background-position":"center center","background-size":"auto","background-attachment":"scroll","background-type":"","background-media":"","overlay-type":"","overlay-color":"","overlay-opacity":"","overlay-gradient":""},"mobile":{"background-color":"var(--ast-global-color-5)","background-image":"","background-repeat":"repeat","background-position":"center center","background-size":"auto","background-attachment":"scroll","background-type":"","background-media":"","overlay-type":"","overlay-color":"","overlay-opacity":"","overlay-gradient":""}},"footnotes":""},"class_list":["post-1060","page","type-page","status-publish","hentry"],"_hostinger_reach_plugin_has_subscription_block":false,"_hostinger_reach_plugin_is_elementor":false,"uagb_featured_image_src":{"full":false,"thumbnail":false,"medium":false,"medium_large":false,"large":false,"1536x1536":false,"2048x2048":false,"trp-custom-language-flag":false},"uagb_author_info":{"display_name":"carolj111989@gmail.com","author_link":"https:\/\/hispano-metal.com\/es\/author\/carolj111989gmail-com\/"},"uagb_comment_info":0,"uagb_excerpt":"GR\u00c2CE A LA TVA INTRACOMMUNAUTAIRE ECONOMISEZ 20% UN GAIN IMM\u00c9DIAT Acheter du m\u00e9tal en Espagne plut\u00f4t qu\u2019en France peut pr\u00e9senter plusieurs avantages. Avec HispanoM\u00e9tal, vous gagnez non seulement sur le prix du m\u00e9tal n\u00e9goci\u00e9 en Espagne, mais aussi sur la tr\u00e9sorerie, puisque vous n\u2019avez plus \u00e0 immobiliser de TVA inutilement Voici quelques b\u00e9n\u00e9fices potentiels: PRIX&hellip;","_links":{"self":[{"href":"https:\/\/hispano-metal.com\/es\/wp-json\/wp\/v2\/pages\/1060","targetHints":{"allow":["GET"]}}],"collection":[{"href":"https:\/\/hispano-metal.com\/es\/wp-json\/wp\/v2\/pages"}],"about":[{"href":"https:\/\/hispano-metal.com\/es\/wp-json\/wp\/v2\/types\/page"}],"author":[{"embeddable":true,"href":"https:\/\/hispano-metal.com\/es\/wp-json\/wp\/v2\/users\/1"}],"replies":[{"embeddable":true,"href":"https:\/\/hispano-metal.com\/es\/wp-json\/wp\/v2\/comments?post=1060"}],"version-history":[{"count":32,"href":"https:\/\/hispano-metal.com\/es\/wp-json\/wp\/v2\/pages\/1060\/revisions"}],"predecessor-version":[{"id":2611,"href":"https:\/\/hispano-metal.com\/es\/wp-json\/wp\/v2\/pages\/1060\/revisions\/2611"}],"wp:attachment":[{"href":"https:\/\/hispano-metal.com\/es\/wp-json\/wp\/v2\/media?parent=1060"}],"curies":[{"name":"wp","href":"https:\/\/api.w.org\/{rel}","templated":true}]}}