{"id":1058,"date":"2025-10-15T11:53:31","date_gmt":"2025-10-15T11:53:31","guid":{"rendered":"http:\/\/hispano-metal.com\/about\/"},"modified":"2025-11-06T17:01:18","modified_gmt":"2025-11-06T17:01:18","slug":"structures-metalliques-sur-mesure","status":"publish","type":"page","link":"https:\/\/hispano-metal.com\/es\/structures-metalliques-sur-mesure\/","title":{"rendered":"Servicios"},"content":{"rendered":"<div class=\"wp-block-uagb-container uagb-block-35d848f0 alignfull uagb-is-root-container\"><div class=\"uagb-container-inner-blocks-wrap\"><\/div><\/div>\n\n\n\n<div class=\"wp-block-uagb-container uagb-block-087a7e51 alignfull uagb-is-root-container\"><div class=\"uagb-container-inner-blocks-wrap\"><\/div><\/div>\n\n\n\n<div class=\"wp-block-uagb-container uagb-block-f475ed60 alignfull uagb-is-root-container\"><div class=\"uagb-container-inner-blocks-wrap\"><\/div><\/div>\n\n\n\n<div class=\"wp-block-uagb-container uagb-block-5c108109 alignfull uagb-is-root-container\"><div class=\"uagb-container-inner-blocks-wrap\">\n<div class=\"wp-block-uagb-container uagb-block-4aed5e73\">\n<div class=\"wp-block-uagb-advanced-heading uagb-block-912dd5c5\"><h2 class=\"uagb-heading-text\">HISPANO-METAL<\/h2><\/div>\n\n\n\n<div class=\"wp-block-uagb-advanced-heading uagb-block-928ce51e\"><h2 class=\"uagb-heading-text\">     GESTIONA TU PROYECTO <\/h2><\/div>\n\n\n\n<div class=\"wp-block-uagb-advanced-heading uagb-block-7861737c\"><h2 class=\"uagb-heading-text\">           DE PRINCIPIO<\/h2><\/div>\n\n\n\n<div class=\"wp-block-uagb-advanced-heading uagb-block-a49ebb88\"><h2 class=\"uagb-heading-text\">                   A FIN <mark style=\"background-color:rgba(0, 0, 0, 0);color:#ffffff\" class=\"has-inline-color\">structures metalliques sur mesure<\/mark><\/h2><\/div>\n<\/div>\n\n\n\n<div class=\"wp-block-columns is-layout-flex wp-container-core-columns-is-layout-28f84493 wp-block-columns-is-layout-flex\">\n<div class=\"wp-block-column is-layout-flow wp-block-column-is-layout-flow\">\n<figure class=\"wp-block-image size-large\"><img loading=\"lazy\" decoding=\"async\" width=\"1024\" height=\"645\" src=\"https:\/\/hispano-metal.com\/wp-content\/uploads\/2025\/10\/images-plans-1-1024x645.jpg\" alt=\"Constructions m\u00e9talliques sur mesure, selon vos besoins\" class=\"wp-image-2330\" srcset=\"https:\/\/hispano-metal.com\/wp-content\/uploads\/2025\/10\/images-plans-1-1024x645.jpg 1024w, https:\/\/hispano-metal.com\/wp-content\/uploads\/2025\/10\/images-plans-1-300x189.jpg 300w, https:\/\/hispano-metal.com\/wp-content\/uploads\/2025\/10\/images-plans-1-768x484.jpg 768w, https:\/\/hispano-metal.com\/wp-content\/uploads\/2025\/10\/images-plans-1-1536x967.jpg 1536w, https:\/\/hispano-metal.com\/wp-content\/uploads\/2025\/10\/images-plans-1-18x12.jpg 18w, https:\/\/hispano-metal.com\/wp-content\/uploads\/2025\/10\/images-plans-1.jpg 1691w\" sizes=\"auto, (max-width: 1024px) 100vw, 1024px\" \/><\/figure>\n<\/div>\n<\/div>\n<\/div><\/div>\n\n\n\n<div class=\"wp-block-cover alignfull is-light\" style=\"min-height:841px;aspect-ratio:unset;\"><img loading=\"lazy\" decoding=\"async\" width=\"1024\" height=\"764\" class=\"wp-block-cover__image-background wp-image-2334 size-large\" alt=\"\" src=\"https:\/\/hispano-metal.com\/wp-content\/uploads\/2025\/10\/WhatsApp-Image-2025-10-14-at-14.39.20n-1024x764.jpeg\" data-object-fit=\"cover\" srcset=\"https:\/\/hispano-metal.com\/wp-content\/uploads\/2025\/10\/WhatsApp-Image-2025-10-14-at-14.39.20n-1024x764.jpeg 1024w, https:\/\/hispano-metal.com\/wp-content\/uploads\/2025\/10\/WhatsApp-Image-2025-10-14-at-14.39.20n-300x224.jpeg 300w, https:\/\/hispano-metal.com\/wp-content\/uploads\/2025\/10\/WhatsApp-Image-2025-10-14-at-14.39.20n-768x573.jpeg 768w, https:\/\/hispano-metal.com\/wp-content\/uploads\/2025\/10\/WhatsApp-Image-2025-10-14-at-14.39.20n-16x12.jpeg 16w, https:\/\/hispano-metal.com\/wp-content\/uploads\/2025\/10\/WhatsApp-Image-2025-10-14-at-14.39.20n.jpeg 1170w\" sizes=\"auto, (max-width: 1024px) 100vw, 1024px\" \/><span aria-hidden=\"true\" class=\"wp-block-cover__background has-background-dim\" style=\"background-color:#96979e\"><\/span><div class=\"wp-block-cover__inner-container is-layout-flow wp-block-cover-is-layout-flow\">\n<div class=\"wp-block-group alignfull is-nowrap is-layout-flex wp-container-core-group-is-layout-6c531013 wp-block-group-is-layout-flex\">\n<div class=\"wp-block-uagb-advanced-heading uagb-block-ae6fa707\"><h1 class=\"uagb-heading-text\">PROYECTOS A MEDIDAS             <\/h1><\/div>\n\n\n\n<div class=\"wp-block-uagb-container uagb-block-8481b104 default uagb-is-root-container\">\n<div class=\"wp-block-columns is-layout-flex wp-container-core-columns-is-layout-28f84493 wp-block-columns-is-layout-flex\">\n<div class=\"wp-block-column is-layout-flow wp-block-column-is-layout-flow\" style=\"flex-basis:100%\">\n<div class=\"wp-block-group is-vertical is-layout-flex wp-container-core-group-is-layout-fe9cc265 wp-block-group-is-layout-flex\">\n<div class=\"wp-block-uagb-container uagb-block-130f60c1\">\n<p><mark style=\"background-color:rgba(0, 0, 0, 0);color:#ffffff\" class=\"has-inline-color\">En HispanoM\u00e9tal te ofrecemos tres opciones de suministro:<\/mark><\/p>\n<\/div>\n\n\n\n<div class=\"wp-block-uagb-container uagb-block-88af3c9a\">\n<ul class=\"wp-block-list\">\n<li>STANDARD\n<ul class=\"wp-block-list\">\n<li>Entrega de perfiles completos (IPE, HEA, HEB, UPN, tubos, aluminio, etc.) en las longitudes disponibles..<\/li>\n<\/ul>\n<\/li>\n<\/ul>\n<\/div>\n<\/div>\n<\/div>\n<\/div>\n\n\n\n<div class=\"wp-block-uagb-container uagb-block-061d91aa\">\n<ul class=\"wp-block-list\">\n<li>PERSONALIZADO\n<ul class=\"wp-block-list\">\n<li>Entrega de estructuras cortadas y tambi\u00e9n perforadas seg\u00fan sus necesidades precisas.<\/li>\n<\/ul>\n<\/li>\n<\/ul>\n<\/div>\n\n\n\n<div class=\"wp-block-uagb-container uagb-block-21c9933b\">\n<ul class=\"wp-block-list\">\n<li>COMPLETO\n<ul class=\"wp-block-list\">\n<li>Todo lo indicado en la segunda opci\u00f3n, pero adem\u00e1s cuatro novedades: prepintado personalizado con diferentes colores RAL, marcaje, plegado, soldadura, certificaci\u00f3n francesa de soldadura, torniller\u00eda... \u00a1Estructuras met\u00e1licas a medida, listas para montar!<\/li>\n<\/ul>\n<\/li>\n<\/ul>\n<\/div>\n\n\n\n<div class=\"wp-block-columns is-layout-flex wp-container-core-columns-is-layout-28f84493 wp-block-columns-is-layout-flex\">\n<div class=\"wp-block-column is-layout-flow wp-block-column-is-layout-flow\"><\/div>\n<\/div>\n<\/div>\n<\/div>\n<\/div><\/div>\n\n\n\n<div class=\"wp-block-uagb-container uagb-block-04540086 alignfull uagb-is-root-container\"><div class=\"uagb-container-inner-blocks-wrap\"><\/div><\/div>\n\n\n\n<div class=\"wp-block-uagb-container uagb-block-f7bbc5f2 alignfull uagb-is-root-container\"><div class=\"uagb-container-inner-blocks-wrap\">\n<div class=\"wp-block-uagb-container uagb-block-4db1e335 alignfull uagb-is-root-container\"><div class=\"uagb-container-inner-blocks-wrap\">\n<div class=\"wp-block-columns is-layout-flex wp-container-core-columns-is-layout-28f84493 wp-block-columns-is-layout-flex\">\n<div class=\"wp-block-column is-layout-flow wp-block-column-is-layout-flow\">\n<p>SER\u00c1 NECESARIO PROPORCIONARNOS:<\/p>\n\n\n\n<p>&#8211;<strong>Una lista de suministros si desea barras enteras<\/strong>.<\/p>\n\n\n\n<p>&#8211;<strong>Una lista de corte si necesita perfiles cortados y\/o perforados a dimensiones exactas para sus estructuras met\u00e1licas personalizadas as\u00ed como sus planos en formato DWG para garantizar la precisi\u00f3n y conformidad de los cortes y\/o perforaciones.<\/strong><\/p>\n<\/div>\n\n\n\n<div class=\"wp-block-column is-layout-flow wp-block-column-is-layout-flow\">\n<p>ESTO NOS PERMITE GARANTIZAR:<\/p>\n\n\n\n<p>&#8211;<strong>Preparaci\u00f3n que cumple tus expectativas<\/strong>.<\/p>\n\n\n\n<p>&#8211;<strong>Precisi\u00f3n \u00f3ptima<\/strong>.<\/p>\n\n\n\n<p>&#8211;<strong>Ahorre tiempo y reduzca las p\u00e9rdidas de material en la obra<\/strong>.<\/p>\n<\/div>\n<\/div>\n<\/div><\/div>\n\n\n\n<div class=\"wp-block-uagb-container uagb-block-d5d2de47 alignfull uagb-is-root-container\"><div class=\"uagb-container-inner-blocks-wrap\"><\/div><\/div>\n\n\n\n<p id=\"tw-target-text\">En Hispano-Metal, cada proyecto es \u00fanico. Dise\u00f1amos y fabricamos estructuras met\u00e1licas a medida, adaptadas a las necesidades de cada cliente: naves industriales, naves agr\u00edcolas, estructuras met\u00e1licas, etc. Con sede en Espa\u00f1a, nuestra empresa trabaja directamente con productores certificados para garantizar materiales de alta calidad que cumplen con la norma europea EN 1090 y los requisitos t\u00e9cnicos del mercado franc\u00e9s.<\/p>\n\n\n\n<p>Garantizamos resultados 100% r\u00e1pidos y efectivos. Nuestro compromiso es proporcionar estructuras met\u00e1licas a medida que cumplen con los m\u00e1s altos est\u00e1ndares de la industria.<\/p>\n\n\n\n<p>Apoyamos a profesionales de los sectores de la construcci\u00f3n, la log\u00edstica, la industria y la agricultura en la implementaci\u00f3n completa de sus proyectos met\u00e1licos, desde el dise\u00f1o hasta la entrega final. Garantizamos un seguimiento completo del proceso: selecci\u00f3n del mejor proveedor espa\u00f1ol seg\u00fan el tipo de estructura, fabricaci\u00f3n a medida seg\u00fan sus planos y transporte fiable a Francia. Garantizamos un apoyo completo de principio a fin en cada proyecto.<\/p>\n\n\n\n<p>Gracias a nuestra red de socios y a nuestra experiencia, le permitimos reducir costes benefici\u00e1ndose de una calidad garantizada y una entrega r\u00e1pida.<\/p>\n\n\n\n<p><\/p>\n<\/div><\/div>\n\n\n\n<div class=\"wp-block-uagb-container uagb-block-bf6f5c81 alignfull uagb-is-root-container\"><div class=\"uagb-container-inner-blocks-wrap\"><\/div><\/div>\n\n\n\n<div class=\"wp-block-uagb-container uagb-block-2c7eed10 alignfull uagb-is-root-container\"><div class=\"uagb-container-inner-blocks-wrap\">\n<div class=\"wp-block-group is-vertical is-layout-flex wp-container-core-group-is-layout-fe9cc265 wp-block-group-is-layout-flex\">\n<div class=\"wp-block-columns is-layout-flex wp-container-core-columns-is-layout-28f84493 wp-block-columns-is-layout-flex\">\n<div class=\"wp-block-column is-layout-flow wp-block-column-is-layout-flow\" style=\"flex-basis:100%\">\n<div class=\"wp-block-uagb-container uagb-block-18aecf1b\">\n<p><strong><mark style=\"background-color:rgba(0, 0, 0, 0);color:#000000\" class=\"has-inline-color\">En Hispano-Metal no me limito s\u00f3lo a encontrar y negociar los mejores precios para sus suministros de metal.<br> Tambi\u00e9n me encargo de toda la log\u00edstica:<\/mark><\/strong><\/p>\n\n\n\n<div class=\"wp-block-uagb-icon-list uagb-block-391ee9ea\"><div class=\"uagb-icon-list__wrap\">\n<div class=\"wp-block-uagb-icon-list-child uagb-block-32647466\"><span class=\"uagb-icon-list__source-wrap\"><svg xmlns=\"https:\/\/www.w3.org\/2000\/svg\" viewbox=\"0 0 512 512\"><path d=\"M256 0C114.6 0 0 114.6 0 256c0 141.4 114.6 256 256 256s256-114.6 256-256C512 114.6 397.4 0 256 0zM406.6 278.6l-103.1 103.1c-12.5 12.5-32.75 12.5-45.25 0s-12.5-32.75 0-45.25L306.8 288H128C110.3 288 96 273.7 96 256s14.31-32 32-32h178.8l-49.38-49.38c-12.5-12.5-12.5-32.75 0-45.25s32.75-12.5 45.25 0l103.1 103.1C414.6 241.3 416 251.1 416 256C416 260.9 414.6 270.7 406.6 278.6z\"><\/path><\/svg><\/span><span class=\"uagb-icon-list__label\"><strong>Organizaci\u00f3n del transporte desde Espa\u00f1a<\/strong><\/span><\/div>\n\n\n\n<div class=\"wp-block-uagb-icon-list-child uagb-block-6ce130e5\"><span class=\"uagb-icon-list__source-wrap\"><svg xmlns=\"https:\/\/www.w3.org\/2000\/svg\" viewbox=\"0 0 512 512\"><path d=\"M256 0C114.6 0 0 114.6 0 256c0 141.4 114.6 256 256 256s256-114.6 256-256C512 114.6 397.4 0 256 0zM406.6 278.6l-103.1 103.1c-12.5 12.5-32.75 12.5-45.25 0s-12.5-32.75 0-45.25L306.8 288H128C110.3 288 96 273.7 96 256s14.31-32 32-32h178.8l-49.38-49.38c-12.5-12.5-12.5-32.75 0-45.25s32.75-12.5 45.25 0l103.1 103.1C414.6 241.3 416 251.1 416 256C416 260.9 414.6 270.7 406.6 278.6z\"><\/path><\/svg><\/span><span class=\"uagb-icon-list__label\"><strong>Entrega directa a su obra, almac\u00e9n o taller<\/strong><\/span><\/div>\n\n\n\n<div class=\"wp-block-uagb-icon-list-child uagb-block-6ca065bf\"><span class=\"uagb-icon-list__source-wrap\"><svg xmlns=\"https:\/\/www.w3.org\/2000\/svg\" viewbox=\"0 0 512 512\"><path d=\"M256 0C114.6 0 0 114.6 0 256c0 141.4 114.6 256 256 256s256-114.6 256-256C512 114.6 397.4 0 256 0zM406.6 278.6l-103.1 103.1c-12.5 12.5-32.75 12.5-45.25 0s-12.5-32.75 0-45.25L306.8 288H128C110.3 288 96 273.7 96 256s14.31-32 32-32h178.8l-49.38-49.38c-12.5-12.5-12.5-32.75 0-45.25s32.75-12.5 45.25 0l103.1 103.1C414.6 241.3 416 251.1 416 256C416 260.9 414.6 270.7 406.6 278.6z\"><\/path><\/svg><\/span><span class=\"uagb-icon-list__label\"><strong>Transporte hacia una empresa de galvanizaci\u00f3n o otro si lo desea<\/strong><\/span><\/div>\n<\/div><\/div>\n<\/div>\n<\/div>\n<\/div>\n<\/div>\n<\/div><\/div>\n\n\n\n<div class=\"wp-block-uagb-container uagb-block-7d1b5524 alignfull uagb-is-root-container\"><div class=\"uagb-container-inner-blocks-wrap\"><\/div><\/div>\n\n\n\n<div class=\"wp-block-columns alignfull is-layout-flex wp-container-core-columns-is-layout-28f84493 wp-block-columns-is-layout-flex\">\n<div class=\"wp-block-column is-layout-flow wp-block-column-is-layout-flow\" style=\"flex-basis:100%\">\n<div class=\"wp-block-uagb-advanced-heading uagb-block-9a434cdc\"><h2 class=\"uagb-heading-text\">    UN SERVICIO COMPLETO DESDE EL PROVEEDOR<\/h2><\/div>\n\n\n\n<div class=\"wp-block-uagb-advanced-heading uagb-block-43c3dc33\"><h2 class=\"uagb-heading-text\">                                                     HASTA LA OBRA<\/h2><\/div>\n<\/div>\n<\/div>\n\n\n\n<div class=\"wp-block-uagb-container uagb-block-ae2b4d12 alignfull uagb-is-root-container\"><div class=\"uagb-container-inner-blocks-wrap\"><\/div><\/div>\n\n\n\n<div class=\"wp-block-uagb-container uagb-block-6b941a81 alignfull uagb-is-root-container\"><div class=\"uagb-container-inner-blocks-wrap\">\n<div class=\"wp-block-columns is-layout-flex wp-container-core-columns-is-layout-28f84493 wp-block-columns-is-layout-flex\">\n<div class=\"wp-block-column is-layout-flow wp-block-column-is-layout-flow\" style=\"flex-basis:50%\">\n<p><strong>EN RESUMEN:<\/strong><\/p>\n\n\n\n<p><\/p>\n\n\n\n<p>&#8211;<strong>Recibir\u00e1s tus perfiles y estructuras en el lugar correcto, en el momento correcto<\/strong><\/p>\n\n\n\n<p>&#8211;<strong>Se beneficia de un servicio completo<\/strong><\/p>\n\n\n\n<p>&#8211;<strong>Ahorra tiempo, dinero y tranquilidad para tus proyectos<\/strong><\/p>\n<\/div>\n\n\n\n<div class=\"wp-block-column is-layout-flow wp-block-column-is-layout-flow\" style=\"flex-basis:25%\">\n<div class=\"wp-block-uagb-image uagb-block-c8e5194d wp-block-uagb-image--layout-default wp-block-uagb-image--effect-static wp-block-uagb-image--align-none\"><figure class=\"wp-block-uagb-image__figure\"><img decoding=\"async\"  sizes=\"auto, (max-width: 480px) 150px\" src=\"https:\/\/hispano-metal.com\/wp-content\/uploads\/2025\/10\/reloj-de-arena-edited-1.jpg\" alt=\"\" width=\"283\" height=\"283\" title=\"\" loading=\"lazy\" role=\"img\"\/><\/figure><\/div>\n<\/div>\n\n\n\n<div class=\"wp-block-column is-vertically-aligned-stretch is-layout-flow wp-block-column-is-layout-flow\" style=\"flex-basis:25%\">\n<div class=\"wp-block-uagb-image aligncenter uagb-block-e188feb9 wp-block-uagb-image--layout-default wp-block-uagb-image--effect-static wp-block-uagb-image--align-center\"><figure class=\"wp-block-uagb-image__figure\"><img decoding=\"async\" srcset=\"https:\/\/hispano-metal.com\/wp-content\/uploads\/2025\/10\/SOLDADOR-1-edited.jpg ,https:\/\/hispano-metal.com\/wp-content\/uploads\/2025\/10\/SOLDADOR-1-edited.jpg 780w, https:\/\/hispano-metal.com\/wp-content\/uploads\/2025\/10\/SOLDADOR-1.jpg 360w\" sizes=\"auto, (max-width: 480px) 150px\" src=\"https:\/\/hispano-metal.com\/wp-content\/uploads\/2025\/10\/SOLDADOR-1-edited.jpg\" alt=\"Structures metalliques sur mesure\" class=\"uag-image-2420\" width=\"282\" height=\"284\" title=\"Structures metalliques sur mesure\" loading=\"lazy\" role=\"img\"\/><\/figure><\/div>\n<\/div>\n<\/div>\n<\/div><\/div>\n\n\n\n<div class=\"wp-block-uagb-container uagb-block-0518f9fd alignfull uagb-is-root-container\"><div class=\"uagb-container-inner-blocks-wrap\">\n<div class=\"wp-block-columns is-layout-flex wp-container-core-columns-is-layout-28f84493 wp-block-columns-is-layout-flex\">\n<div class=\"wp-block-column is-layout-flow wp-block-column-is-layout-flow\">\n<div class=\"wp-block-columns is-layout-flex wp-container-core-columns-is-layout-28f84493 wp-block-columns-is-layout-flex\">\n<div class=\"wp-block-column is-layout-flow wp-block-column-is-layout-flow\" style=\"flex-basis:25%\">\n<div class=\"wp-block-uagb-image alignleft uagb-block-94562b8c wp-block-uagb-image--layout-default wp-block-uagb-image--effect-static wp-block-uagb-image--align-left\"><figure class=\"wp-block-uagb-image__figure\"><img decoding=\"async\" srcset=\"https:\/\/hispano-metal.com\/wp-content\/uploads\/2025\/10\/Capture-4.jpg ,https:\/\/hispano-metal.com\/wp-content\/uploads\/2025\/10\/Capture-4.jpg 780w, https:\/\/hispano-metal.com\/wp-content\/uploads\/2025\/10\/Capture-4.jpg 360w\" sizes=\"auto, (max-width: 480px) 150px\" src=\"https:\/\/hispano-metal.com\/wp-content\/uploads\/2025\/10\/Capture-4.jpg\" alt=\"Estructuras met\u00e1licas de Hispano Metal\" class=\"uag-image-2319\" width=\"180\" height=\"232\" title=\"Capture\" loading=\"lazy\" role=\"img\"\/><\/figure><\/div>\n<\/div>\n\n\n\n<div class=\"wp-block-column is-layout-flow wp-block-column-is-layout-flow\" style=\"flex-basis:50%\">\n<p><\/p>\n\n\n\n<div class=\"wp-block-uagb-advanced-heading uagb-block-4c49c310\"><h2 class=\"uagb-heading-text\">      <mark style=\"background-color:rgba(0, 0, 0, 0);color:#ffffff\" class=\"has-inline-color\">Juntos,<\/mark><\/h2><\/div>\n\n\n\n<div class=\"wp-block-uagb-advanced-heading uagb-block-8a22985b\"><h2 class=\"uagb-heading-text\">  <mark style=\"background-color:rgba(0, 0, 0, 0);color:#ffffff\" class=\"has-inline-color\">construyamos proyectos s\u00f3lidos<\/mark><\/h2><\/div>\n\n\n\n<div class=\"wp-block-uagb-advanced-heading uagb-block-925b6288\"><h2 class=\"uagb-heading-text\">             <mark style=\"background-color:rgba(0, 0, 0, 0);color:#ffffff\" class=\"has-inline-color\">y sostenibles.<\/mark><\/h2><\/div>\n<\/div>\n\n\n\n<div class=\"wp-block-column is-layout-flow wp-block-column-is-layout-flow\" style=\"flex-basis:25%\">\n<div class=\"wp-block-uagb-container uagb-block-13d67926\">\n<div class=\"wp-block-uagb-container uagb-block-54651101\"><\/div>\n<\/div>\n\n\n\n<div class=\"wp-block-uagb-advanced-heading uagb-block-96cec245\"><h5 class=\"uagb-heading-text\"><a href=\"https:\/\/hispano-metal.com\/es\/contacto\/\" data-type=\"page\" data-id=\"1064\"><mark style=\"background-color:rgba(0, 0, 0, 0);color:#ffffff\" class=\"has-inline-color\">Contacto<\/mark><\/a><\/h5><\/div>\n\n\n\n<div class=\"wp-block-uagb-advanced-heading uagb-block-dce91336\"><h6 class=\"uagb-heading-text\"><mark style=\"background-color:rgba(0, 0, 0, 0);color:#ffffff\" class=\"has-inline-color\">(+34) 623 307 041 <\/mark><\/h6><\/div>\n\n\n\n<div class=\"wp-block-uagb-advanced-heading uagb-block-50735a9e\"><h6 class=\"uagb-heading-text\"><mark style=\"background-color:rgba(0, 0, 0, 0);color:#ffffff\" class=\"has-inline-color\">info@hispano-metal.com<\/mark><\/h6><\/div>\n<\/div>\n<\/div>\n<\/div>\n<\/div>\n<\/div><\/div>\n\n\n\n<p><\/p>\n\n\n\n<p><\/p>","protected":false},"excerpt":{"rendered":"<p>HISPANO-METAL G\u00c8RE VOTRE PROJET DE A A Z structures metalliques sur mesure IL SERA N\u00c9CESSAIRE DE NOUS FOURNIR: &#8211;Une liste d\u2019approvisionnement si vous souhaitez des barres enti\u00e8res. &#8211;Une liste de d\u00e9bit si vous avez besoin de profils coup\u00e9s et\/ou perfor\u00e9s aux dimensions exactes pour vos structures m\u00e9talliques sur mesure ainsi que vos plans au format [&hellip;]<\/p>","protected":false},"author":1,"featured_media":0,"parent":0,"menu_order":0,"comment_status":"closed","ping_status":"closed","template":"","meta":{"_uag_custom_page_level_css":"","site-sidebar-layout":"no-sidebar","site-content-layout":"plain-container","ast-site-content-layout":"normal-width-container","site-content-style":"unboxed","site-sidebar-style":"unboxed","ast-global-header-display":"","ast-banner-title-visibility":"","ast-main-header-display":"","ast-hfb-above-header-display":"","ast-hfb-below-header-display":"","ast-hfb-mobile-header-display":"","site-post-title":"disabled","ast-breadcrumbs-content":"","ast-featured-img":"","footer-sml-layout":"","theme-transparent-header-meta":"enabled","adv-header-id-meta":"","stick-header-meta":"","header-above-stick-meta":"","header-main-stick-meta":"","header-below-stick-meta":"","astra-migrate-meta-layouts":"set","ast-page-background-enabled":"default","ast-page-background-meta":{"desktop":{"background-color":"","background-image":"","background-repeat":"repeat","background-position":"center center","background-size":"auto","background-attachment":"scroll","background-type":"","background-media":"","overlay-type":"","overlay-color":"","overlay-opacity":"","overlay-gradient":""},"tablet":{"background-color":"","background-image":"","background-repeat":"repeat","background-position":"center center","background-size":"auto","background-attachment":"scroll","background-type":"","background-media":"","overlay-type":"","overlay-color":"","overlay-opacity":"","overlay-gradient":""},"mobile":{"background-color":"","background-image":"","background-repeat":"repeat","background-position":"center center","background-size":"auto","background-attachment":"scroll","background-type":"","background-media":"","overlay-type":"","overlay-color":"","overlay-opacity":"","overlay-gradient":""}},"ast-content-background-meta":{"desktop":{"background-color":"var(--ast-global-color-5)","background-image":"","background-repeat":"repeat","background-position":"center center","background-size":"auto","background-attachment":"scroll","background-type":"","background-media":"","overlay-type":"","overlay-color":"","overlay-opacity":"","overlay-gradient":""},"tablet":{"background-color":"var(--ast-global-color-5)","background-image":"","background-repeat":"repeat","background-position":"center center","background-size":"auto","background-attachment":"scroll","background-type":"","background-media":"","overlay-type":"","overlay-color":"","overlay-opacity":"","overlay-gradient":""},"mobile":{"background-color":"var(--ast-global-color-5)","background-image":"","background-repeat":"repeat","background-position":"center center","background-size":"auto","background-attachment":"scroll","background-type":"","background-media":"","overlay-type":"","overlay-color":"","overlay-opacity":"","overlay-gradient":""}},"footnotes":""},"class_list":["post-1058","page","type-page","status-publish","hentry"],"_hostinger_reach_plugin_has_subscription_block":false,"_hostinger_reach_plugin_is_elementor":false,"uagb_featured_image_src":{"full":false,"thumbnail":false,"medium":false,"medium_large":false,"large":false,"1536x1536":false,"2048x2048":false,"trp-custom-language-flag":false},"uagb_author_info":{"display_name":"carolj111989@gmail.com","author_link":"https:\/\/hispano-metal.com\/es\/author\/carolj111989gmail-com\/"},"uagb_comment_info":0,"uagb_excerpt":"HISPANO-METAL G\u00c8RE VOTRE PROJET DE A A Z structures metalliques sur mesure IL SERA N\u00c9CESSAIRE DE NOUS FOURNIR: &#8211;Une liste d\u2019approvisionnement si vous souhaitez des barres enti\u00e8res. &#8211;Une liste de d\u00e9bit si vous avez besoin de profils coup\u00e9s et\/ou perfor\u00e9s aux dimensions exactes pour vos structures m\u00e9talliques sur mesure ainsi que vos plans au format&hellip;","_links":{"self":[{"href":"https:\/\/hispano-metal.com\/es\/wp-json\/wp\/v2\/pages\/1058","targetHints":{"allow":["GET"]}}],"collection":[{"href":"https:\/\/hispano-metal.com\/es\/wp-json\/wp\/v2\/pages"}],"about":[{"href":"https:\/\/hispano-metal.com\/es\/wp-json\/wp\/v2\/types\/page"}],"author":[{"embeddable":true,"href":"https:\/\/hispano-metal.com\/es\/wp-json\/wp\/v2\/users\/1"}],"replies":[{"embeddable":true,"href":"https:\/\/hispano-metal.com\/es\/wp-json\/wp\/v2\/comments?post=1058"}],"version-history":[{"count":40,"href":"https:\/\/hispano-metal.com\/es\/wp-json\/wp\/v2\/pages\/1058\/revisions"}],"predecessor-version":[{"id":2613,"href":"https:\/\/hispano-metal.com\/es\/wp-json\/wp\/v2\/pages\/1058\/revisions\/2613"}],"wp:attachment":[{"href":"https:\/\/hispano-metal.com\/es\/wp-json\/wp\/v2\/media?parent=1058"}],"curies":[{"name":"wp","href":"https:\/\/api.w.org\/{rel}","templated":true}]}}