{"id":1055,"date":"2025-10-15T11:53:31","date_gmt":"2025-10-15T11:53:31","guid":{"rendered":"http:\/\/hispano-metal.com\/home\/"},"modified":"2025-11-12T17:30:28","modified_gmt":"2025-11-12T17:30:28","slug":"structures-metalliques","status":"publish","type":"page","link":"https:\/\/hispano-metal.com\/es\/","title":{"rendered":"Sobre Hispano-Metal"},"content":{"rendered":"<div class=\"wp-block-uagb-container uagb-block-78a2a851 alignfull uagb-is-root-container\"><div class=\"uagb-container-inner-blocks-wrap\">\n<div class=\"wp-block-uagb-container uagb-block-ec3a6cec\"><\/div>\n<\/div><\/div>\n\n\n\n<div class=\"wp-block-uagb-container uagb-block-f556a327 alignfull uagb-is-root-container\"><div class=\"uagb-container-inner-blocks-wrap\">\n<div class=\"wp-block-uagb-container uagb-block-6d909d6c\"><\/div>\n<\/div><\/div>\n\n\n\n<div class=\"wp-block-uagb-advanced-heading uagb-block-de19880b\"><h6 class=\"uagb-heading-text\">Hispano-Metal<\/h6><\/div>\n\n\n\n<div class=\"wp-block-uagb-container uagb-block-8ca8171e alignfull uagb-is-root-container\"><div class=\"uagb-container-inner-blocks-wrap\"><\/div><\/div>\n\n\n\n<div class=\"wp-block-uagb-container uagb-block-2dc3b5f5 alignfull uagb-is-root-container\"><div class=\"uagb-container-inner-blocks-wrap\">\n<div class=\"wp-block-columns is-layout-flex wp-container-core-columns-is-layout-28f84493 wp-block-columns-is-layout-flex\">\n<div class=\"wp-block-column is-layout-flow wp-block-column-is-layout-flow\" style=\"flex-basis:100%\">\n<div class=\"wp-block-group is-nowrap is-layout-flex wp-container-core-group-is-layout-6c531013 wp-block-group-is-layout-flex\">\n<div class=\"wp-block-uagb-container uagb-block-a1a179bf\"><\/div>\n\n\n\n<figure class=\"wp-block-image alignright size-large is-resized is-style-default\"><img loading=\"lazy\" decoding=\"async\" width=\"777\" height=\"1024\" src=\"https:\/\/hispano-metal.com\/wp-content\/uploads\/2025\/10\/CV-2-777x1024.jpg\" alt=\"Interm\u00e9diaire de confiance entre la France et l'Espagne\" class=\"wp-image-2287\" style=\"width:271px;height:auto\" srcset=\"https:\/\/hispano-metal.com\/wp-content\/uploads\/2025\/10\/CV-2-777x1024.jpg 777w, https:\/\/hispano-metal.com\/wp-content\/uploads\/2025\/10\/CV-2-228x300.jpg 228w, https:\/\/hispano-metal.com\/wp-content\/uploads\/2025\/10\/CV-2-768x1012.jpg 768w, https:\/\/hispano-metal.com\/wp-content\/uploads\/2025\/10\/CV-2-1166x1536.jpg 1166w, https:\/\/hispano-metal.com\/wp-content\/uploads\/2025\/10\/CV-2-9x12.jpg 9w, https:\/\/hispano-metal.com\/wp-content\/uploads\/2025\/10\/CV-2.jpg 1419w\" sizes=\"auto, (max-width: 777px) 100vw, 777px\" \/><\/figure>\n<\/div>\n<\/div>\n<\/div>\n\n\n\n<div class=\"wp-block-uagb-container uagb-block-3c46c188\">\n<p><strong>SOBRE HISPANO-METAL<\/strong><\/p>\n\n\n\n<p>Mi nombre es Carole Nathalie Jay, tengo 35 a\u00f1os y llevo m\u00e1s de 5 a\u00f1os trabajando en el sector de la distribuci\u00f3n de metales.<\/p>\n\n\n\n<p>Comenc\u00e9 mi carrera en una empresa espa\u00f1ola especializada en la venta de estructuras met\u00e1licas en Francia, donde aprend\u00ed a dominar todas las etapas del negocio: elecci\u00f3n de proveedores, gesti\u00f3n log\u00edstica, relaci\u00f3n con el cliente y cumplimiento de los est\u00e1ndares de calidad europeos.<\/p>\n\n\n\n<p>Con esta experiencia e impulsado por el deseo de ofrecer un servicio personalizado y competitivo, decid\u00ed crear mi propia empresa: Hispano-Metal.<\/p>\n<\/div>\n<\/div><\/div>\n\n\n\n<div class=\"wp-block-uagb-container uagb-block-8481b104 alignfull uagb-is-root-container\"><div class=\"uagb-container-inner-blocks-wrap\">\n<div class=\"wp-block-columns is-layout-flex wp-container-core-columns-is-layout-28f84493 wp-block-columns-is-layout-flex\">\n<div class=\"wp-block-column is-layout-flow wp-block-column-is-layout-flow\" style=\"flex-basis:100%\">\n<div class=\"wp-block-group is-nowrap is-layout-flex wp-container-core-group-is-layout-6c531013 wp-block-group-is-layout-flex\">\n<div class=\"wp-block-uagb-container uagb-block-130f60c1\">\n<div class=\"wp-block-columns is-layout-flex wp-container-core-columns-is-layout-28f84493 wp-block-columns-is-layout-flex\">\n<div class=\"wp-block-column is-layout-flow wp-block-column-is-layout-flow\">\n<p><strong><mark style=\"background-color:rgba(0, 0, 0, 0);color:#ffffff\" class=\"has-inline-color\">MI PAPEL<\/mark><\/strong><\/p>\n<\/div>\n\n\n\n<div class=\"wp-block-column is-layout-flow wp-block-column-is-layout-flow\">\n<p><strong><mark style=\"background-color:rgba(0, 0, 0, 0);color:#ffffff\" class=\"has-inline-color\">MI MISI\u00d3N<\/mark><\/strong><\/p>\n<\/div>\n<\/div>\n<\/div>\n<\/div>\n<\/div>\n<\/div>\n\n\n\n<div class=\"wp-block-uagb-container uagb-block-a97c651a\">\n<div class=\"wp-block-columns is-layout-flex wp-container-core-columns-is-layout-28f84493 wp-block-columns-is-layout-flex\">\n<div class=\"wp-block-column is-layout-flow wp-block-column-is-layout-flow\">\n<p><mark style=\"background-color:rgba(0, 0, 0, 0);color:#ffffff\" class=\"has-inline-color\">En Hispano-Metal, mi papel es ser su intermediario de confianza entre los proveedores espa\u00f1oles y su empresa.<\/mark><\/p>\n\n\n\n<p><mark style=\"background-color:rgba(0, 0, 0, 0);color:#ffffff\" class=\"has-inline-color\">Sin embargo, gracias a mi red de socios en Espa\u00f1a y a mis habilidades de negociaci\u00f3n, te garantizo que incluso con mi comisi\u00f3n:<\/mark><\/p>\n\n\n\n<p><mark style=\"background-color:rgba(0, 0, 0, 0);color:#ffffff\" class=\"has-inline-color\">-El precio final sigue siendo inferior al que encontrar\u00e1s acudiendo a un proveedor tradicional.<\/mark><\/p>\n\n\n\n<p><mark style=\"background-color:rgba(0, 0, 0, 0);color:#ffffff\" class=\"has-inline-color\">-Ahorras tiempo, energ\u00eda y tr\u00e1mites administrativos<\/mark>.<\/p>\n\n\n\n<p><mark style=\"background-color:rgba(0, 0, 0, 0);color:#ffffff\" class=\"has-inline-color\">-Usted se beneficia de un servicio personalizado (cortes est\u00e1ndar, cortes a medida, perforaciones, seguimiento log\u00edstico).<\/mark><\/p>\n\n\n\n<p><\/p>\n<\/div>\n\n\n\n<div class=\"wp-block-column is-layout-flow wp-block-column-is-layout-flow\">\n<p><mark style=\"background-color:rgba(0, 0, 0, 0);color:#ffffff\" class=\"has-inline-color\">Offrir aux professionnels fran\u00e7ais du BTP, de la construction m\u00e9tallique et de l\u2019industrie un approvisionnement en m\u00e9tal de qualit\u00e9, \u00e0 des prix optimis\u00e9s, avec un service de proximit\u00e9 et une logistique efficace pour vos structures m\u00e9talliques.<\/mark><\/p>\n\n\n\n<p><mark style=\"background-color:rgba(0, 0, 0, 0);color:#ffffff\" class=\"has-inline-color\">-Perfiles comerciales<\/mark><\/p>\n\n\n\n<p><mark style=\"background-color:rgba(0, 0, 0, 0);color:#ffffff\" class=\"has-inline-color\">-Perfiles estructurales<\/mark><\/p>\n\n\n\n<p><mark style=\"background-color:rgba(0, 0, 0, 0);color:#ffffff\" class=\"has-inline-color\">-Tubos<\/mark><\/p>\n\n\n\n<p><mark style=\"background-color:rgba(0, 0, 0, 0);color:#ffffff\" class=\"has-inline-color\">-Chapas<\/mark><\/p>\n\n\n\n<p><mark style=\"background-color:rgba(0, 0, 0, 0);color:#ffffff\" class=\"has-inline-color\">-Otros productos met\u00e1licos bajo pedido espec\u00edfico<\/mark><\/p>\n<\/div>\n<\/div>\n<\/div>\n\n\n\n<p><mark style=\"background-color:rgba(0, 0, 0, 0);color:#ffffff\" class=\"has-inline-color\">Les structures m\u00e9talliques offrent des avantages consid\u00e9rables en termes de r\u00e9sistance, de durabilit\u00e9 et d&rsquo;efficacit\u00e9, ce qui en fait un choix privil\u00e9gi\u00e9 pour divers projets. De plus, leur polyvalence leur permet de s&rsquo;adapter \u00e0 diff\u00e9rents designs et besoins, contribuant ainsi au d\u00e9veloppement durable du secteur de la construction m\u00e9tallique. Chez Hispano-Metal, nous sommes sp\u00e9cialis\u00e9s dans la n\u00e9gociation de structures m\u00e9talliques, garantissant ainsi la satisfaction de nos clients.<\/mark><\/p>\n<\/div><\/div>\n\n\n\n<div class=\"wp-block-uagb-container uagb-block-e4db3c1f alignfull uagb-is-root-container\"><div class=\"uagb-container-inner-blocks-wrap\"><\/div><\/div>\n\n\n\n<div class=\"wp-block-uagb-container uagb-block-6b941a81 alignfull uagb-is-root-container\"><div class=\"uagb-container-inner-blocks-wrap\">\n<div class=\"wp-block-columns is-layout-flex wp-container-core-columns-is-layout-28f84493 wp-block-columns-is-layout-flex\">\n<div class=\"wp-block-column is-layout-flow wp-block-column-is-layout-flow\" style=\"flex-basis:50%\">\n<p><\/p>\n\n\n\n<p><strong>EN RESUMEN:<\/strong><\/p>\n\n\n\n<p><\/p>\n\n\n\n<p>&#8211;<strong>Pagas menos que en el mercado franc\u00e9s<\/strong><\/p>\n\n\n\n<p>&#8211;<strong>Ahorras tiempo<\/strong><\/p>\n\n\n\n<p>&#8211;<strong>Obtendr\u00e1s exactamente lo que necesitas<\/strong><\/p>\n<\/div>\n\n\n\n<div class=\"wp-block-column is-layout-flow wp-block-column-is-layout-flow\" style=\"flex-basis:25%\">\n<div class=\"wp-block-uagb-image aligncenter uagb-block-a5d35956 wp-block-uagb-image--layout-default wp-block-uagb-image--effect-static wp-block-uagb-image--align-center\"><figure class=\"wp-block-uagb-image__figure\"><img decoding=\"async\" srcset=\"https:\/\/hispano-metal.com\/wp-content\/uploads\/2025\/10\/Transporte-1.jpg ,https:\/\/hispano-metal.com\/wp-content\/uploads\/2025\/10\/Transporte-1.jpg 780w, https:\/\/hispano-metal.com\/wp-content\/uploads\/2025\/10\/Transporte-1.jpg 360w\" sizes=\"auto, (max-width: 480px) 150px\" src=\"https:\/\/hispano-metal.com\/wp-content\/uploads\/2025\/10\/Transporte-1.jpg\" alt=\"Structures m\u00e9talliques en acier fabriqu\u00e9es en Espagne\" class=\"uag-image-2314\" width=\"314\" height=\"315\" title=\"Structure m\u00e9tallique\" loading=\"lazy\" role=\"img\"\/><\/figure><\/div>\n<\/div>\n\n\n\n<div class=\"wp-block-column is-layout-flow wp-block-column-is-layout-flow\" style=\"flex-basis:25%\">\n<div class=\"wp-block-uagb-image aligncenter uagb-block-818ff5b4 wp-block-uagb-image--layout-default wp-block-uagb-image--effect-static wp-block-uagb-image--align-center\"><figure class=\"wp-block-uagb-image__figure\"><img decoding=\"async\" srcset=\"https:\/\/hispano-metal.com\/wp-content\/uploads\/2025\/10\/Ahorros-3.jpg ,https:\/\/hispano-metal.com\/wp-content\/uploads\/2025\/10\/Ahorros-3.jpg 780w, https:\/\/hispano-metal.com\/wp-content\/uploads\/2025\/10\/Ahorros-3.jpg 360w\" sizes=\"auto, (max-width: 480px) 150px\" src=\"https:\/\/hispano-metal.com\/wp-content\/uploads\/2025\/10\/Ahorros-3.jpg\" alt=\"Economisez, moins cher que sur le march\u00e9 fran\u00e7ais\" class=\"uag-image-2315\" width=\"287\" height=\"284\" title=\"Economisez\" loading=\"lazy\" role=\"img\"\/><\/figure><\/div>\n<\/div>\n<\/div>\n<\/div><\/div>\n\n\n\n<div class=\"wp-block-uagb-container uagb-block-6198ab93 alignfull uagb-is-root-container\"><div class=\"uagb-container-inner-blocks-wrap\">\n<p class=\"has-text-align-right\">Importa de forma inteligente, construye con \u00e9xito<\/p>\n\n\n\n<p><\/p>\n<\/div><\/div>\n\n\n\n<div class=\"wp-block-uagb-container uagb-block-0518f9fd alignfull uagb-is-root-container\"><div class=\"uagb-container-inner-blocks-wrap\">\n<div class=\"wp-block-columns is-layout-flex wp-container-core-columns-is-layout-28f84493 wp-block-columns-is-layout-flex\">\n<div class=\"wp-block-column is-layout-flow wp-block-column-is-layout-flow\">\n<div class=\"wp-block-columns is-layout-flex wp-container-core-columns-is-layout-28f84493 wp-block-columns-is-layout-flex\">\n<div class=\"wp-block-column is-layout-flow wp-block-column-is-layout-flow\" style=\"flex-basis:25%\">\n<div class=\"wp-block-uagb-image alignleft uagb-block-94562b8c wp-block-uagb-image--layout-default wp-block-uagb-image--effect-static wp-block-uagb-image--align-left\"><figure class=\"wp-block-uagb-image__figure\"><img decoding=\"async\" srcset=\"https:\/\/hispano-metal.com\/wp-content\/uploads\/2025\/10\/Capture-4.jpg ,https:\/\/hispano-metal.com\/wp-content\/uploads\/2025\/10\/Capture-4.jpg 780w, https:\/\/hispano-metal.com\/wp-content\/uploads\/2025\/10\/Capture-4.jpg 360w\" sizes=\"auto, (max-width: 480px) 150px\" src=\"https:\/\/hispano-metal.com\/wp-content\/uploads\/2025\/10\/Capture-4.jpg\" alt=\"Estructuras met\u00e1licas de Hispano Metal\" class=\"uag-image-2319\" width=\"180\" height=\"232\" title=\"Capture\" loading=\"lazy\" role=\"img\"\/><\/figure><\/div>\n<\/div>\n\n\n\n<div class=\"wp-block-column is-layout-flow wp-block-column-is-layout-flow\" style=\"flex-basis:50%\">\n<div class=\"wp-block-uagb-advanced-heading uagb-block-4c49c310\"><h2 class=\"uagb-heading-text\">      <mark style=\"background-color:rgba(0, 0, 0, 0);color:#ffffff\" class=\"has-inline-color\">Juntos,<\/mark><\/h2><\/div>\n\n\n\n<div class=\"wp-block-uagb-advanced-heading uagb-block-8a22985b\"><h2 class=\"uagb-heading-text\">  <mark style=\"background-color:rgba(0, 0, 0, 0);color:#ffffff\" class=\"has-inline-color\">construyamos proyectos s\u00f3lidos<\/mark><\/h2><\/div>\n\n\n\n<div class=\"wp-block-uagb-advanced-heading uagb-block-925b6288\"><h2 class=\"uagb-heading-text\">             <mark style=\"background-color:rgba(0, 0, 0, 0);color:#ffffff\" class=\"has-inline-color\">y sostenibles.<\/mark><\/h2><\/div>\n<\/div>\n\n\n\n<div class=\"wp-block-column is-layout-flow wp-block-column-is-layout-flow\" style=\"flex-basis:25%\">\n<div class=\"wp-block-uagb-advanced-heading uagb-block-96cec245\"><h5 class=\"uagb-heading-text\"><a href=\"https:\/\/hispano-metal.com\/es\/contacto\/\" data-type=\"page\" data-id=\"1064\"><mark style=\"background-color:rgba(0, 0, 0, 0);color:#ffffff\" class=\"has-inline-color\">Contacto<\/mark><\/a><\/h5><\/div>\n\n\n\n<div class=\"wp-block-uagb-advanced-heading uagb-block-dce91336\"><h6 class=\"uagb-heading-text\"><mark style=\"background-color:rgba(0, 0, 0, 0);color:#ffffff\" class=\"has-inline-color\">(+34) 623 307 041 <\/mark><\/h6><\/div>\n\n\n\n<div class=\"wp-block-uagb-advanced-heading uagb-block-50735a9e\"><h6 class=\"uagb-heading-text\"><mark style=\"background-color:rgba(0, 0, 0, 0);color:#ffffff\" class=\"has-inline-color\">info@hispano-metal.com<\/mark><\/h6><\/div>\n<\/div>\n<\/div>\n<\/div>\n<\/div>\n<\/div><\/div>\n\n\n\n<p><\/p>","protected":false},"excerpt":{"rendered":"<p>Hispano-Metal \u00c0 PROPOS DE HISPANO-METAL Je m\u2019appelle Carole Nathalie Jay, j\u2019ai 35 ans et je travaille depuis plus de 5 ans dans le domaine de la distribution de m\u00e9taux. J\u2019ai commenc\u00e9 ma carri\u00e8re dans une entreprise espagnole sp\u00e9cialis\u00e9e dans la vente de structure m\u00e9tallique en France, o\u00f9 j\u2019ai appris \u00e0 ma\u00eetriser toutes les \u00e9tapes du [&hellip;]<\/p>","protected":false},"author":1,"featured_media":0,"parent":0,"menu_order":0,"comment_status":"closed","ping_status":"closed","template":"","meta":{"_uag_custom_page_level_css":"","site-sidebar-layout":"no-sidebar","site-content-layout":"plain-container","ast-site-content-layout":"normal-width-container","site-content-style":"unboxed","site-sidebar-style":"unboxed","ast-global-header-display":"","ast-banner-title-visibility":"","ast-main-header-display":"","ast-hfb-above-header-display":"","ast-hfb-below-header-display":"","ast-hfb-mobile-header-display":"","site-post-title":"disabled","ast-breadcrumbs-content":"","ast-featured-img":"","footer-sml-layout":"","theme-transparent-header-meta":"enabled","adv-header-id-meta":"","stick-header-meta":"","header-above-stick-meta":"","header-main-stick-meta":"","header-below-stick-meta":"","astra-migrate-meta-layouts":"set","ast-page-background-enabled":"default","ast-page-background-meta":{"desktop":{"background-color":"","background-image":"","background-repeat":"repeat","background-position":"center center","background-size":"auto","background-attachment":"scroll","background-type":"","background-media":"","overlay-type":"","overlay-color":"","overlay-opacity":"","overlay-gradient":""},"tablet":{"background-color":"","background-image":"","background-repeat":"repeat","background-position":"center center","background-size":"auto","background-attachment":"scroll","background-type":"","background-media":"","overlay-type":"","overlay-color":"","overlay-opacity":"","overlay-gradient":""},"mobile":{"background-color":"","background-image":"","background-repeat":"repeat","background-position":"center center","background-size":"auto","background-attachment":"scroll","background-type":"","background-media":"","overlay-type":"","overlay-color":"","overlay-opacity":"","overlay-gradient":""}},"ast-content-background-meta":{"desktop":{"background-color":"var(--ast-global-color-5)","background-image":"","background-repeat":"repeat","background-position":"center center","background-size":"auto","background-attachment":"scroll","background-type":"","background-media":"","overlay-type":"","overlay-color":"","overlay-opacity":"","overlay-gradient":""},"tablet":{"background-color":"var(--ast-global-color-5)","background-image":"","background-repeat":"repeat","background-position":"center center","background-size":"auto","background-attachment":"scroll","background-type":"","background-media":"","overlay-type":"","overlay-color":"","overlay-opacity":"","overlay-gradient":""},"mobile":{"background-color":"var(--ast-global-color-5)","background-image":"","background-repeat":"repeat","background-position":"center center","background-size":"auto","background-attachment":"scroll","background-type":"","background-media":"","overlay-type":"","overlay-color":"","overlay-opacity":"","overlay-gradient":""}},"footnotes":""},"class_list":["post-1055","page","type-page","status-publish","hentry"],"_hostinger_reach_plugin_has_subscription_block":false,"_hostinger_reach_plugin_is_elementor":false,"uagb_featured_image_src":{"full":false,"thumbnail":false,"medium":false,"medium_large":false,"large":false,"1536x1536":false,"2048x2048":false,"trp-custom-language-flag":false},"uagb_author_info":{"display_name":"carolj111989@gmail.com","author_link":"https:\/\/hispano-metal.com\/es\/author\/carolj111989gmail-com\/"},"uagb_comment_info":0,"uagb_excerpt":"Hispano-Metal \u00c0 PROPOS DE HISPANO-METAL Je m\u2019appelle Carole Nathalie Jay, j\u2019ai 35 ans et je travaille depuis plus de 5 ans dans le domaine de la distribution de m\u00e9taux. J\u2019ai commenc\u00e9 ma carri\u00e8re dans une entreprise espagnole sp\u00e9cialis\u00e9e dans la vente de structure m\u00e9tallique en France, o\u00f9 j\u2019ai appris \u00e0 ma\u00eetriser toutes les \u00e9tapes du&hellip;","_links":{"self":[{"href":"https:\/\/hispano-metal.com\/es\/wp-json\/wp\/v2\/pages\/1055","targetHints":{"allow":["GET"]}}],"collection":[{"href":"https:\/\/hispano-metal.com\/es\/wp-json\/wp\/v2\/pages"}],"about":[{"href":"https:\/\/hispano-metal.com\/es\/wp-json\/wp\/v2\/types\/page"}],"author":[{"embeddable":true,"href":"https:\/\/hispano-metal.com\/es\/wp-json\/wp\/v2\/users\/1"}],"replies":[{"embeddable":true,"href":"https:\/\/hispano-metal.com\/es\/wp-json\/wp\/v2\/comments?post=1055"}],"version-history":[{"count":39,"href":"https:\/\/hispano-metal.com\/es\/wp-json\/wp\/v2\/pages\/1055\/revisions"}],"predecessor-version":[{"id":2610,"href":"https:\/\/hispano-metal.com\/es\/wp-json\/wp\/v2\/pages\/1055\/revisions\/2610"}],"wp:attachment":[{"href":"https:\/\/hispano-metal.com\/es\/wp-json\/wp\/v2\/media?parent=1055"}],"curies":[{"name":"wp","href":"https:\/\/api.w.org\/{rel}","templated":true}]}}